{"id":763,"date":"2025-05-21T11:13:30","date_gmt":"2025-05-21T11:13:30","guid":{"rendered":"http:\/\/otwartapracowniasitodruku.pl\/?page_id=763"},"modified":"2025-05-21T11:15:01","modified_gmt":"2025-05-21T11:15:01","slug":"rozmiarowki-uniwersalne","status":"publish","type":"page","link":"http:\/\/otwartapracowniasitodruku.pl\/index.php\/rozmiarowki-uniwersalne\/","title":{"rendered":"Rozmiar\u00f3wki uniwersalne"},"content":{"rendered":"\n<p>Gotowe metki bawe\u0142niane z rozmiarami:<br><strong>XXS, XS, S, M, L, XL, XXL<\/strong> oraz <strong>\u0142amane: XS\/S, S\/M, M\/L, L\/XL<\/strong><\/p>\n\n\n\n<p>\u2013 nadruk: czarny, wykonany r\u0119cznie w technice sitodruku<br>\u2013 farba wodna, niewyczuwalna, nietoksyczna<br>\u2013 ta\u015bma bawe\u0142niana, naturalna, cienka i delikatna dla sk\u00f3ry<br>\u2013 ta\u015bma i farby posiadaj\u0105 certyfikat Oeko-Tex<br>\u2013 wymiary metki po wszyciu: <strong>1,5 \u00d7 1,5 cm<\/strong><\/p>\n\n\n\n<p><strong>Pakowane po 10 sztuk z rozmiaru<\/strong><br><strong>Cena: 5 z\u0142 netto za pakiet<\/strong><br>Mo\u017cliwo\u015b\u0107 miksowania rozmiar\u00f3w.<\/p>\n\n\n\n<h3 style=\"font-size:30px;text-transform:capitalize\">Wysy\u0142ka:<\/h3>\n\n\n\n<p>\u2013 Paczkomat InPost: 14 z\u0142 netto<br>\u2013 Kurier: 18 z\u0142 netto<\/p>\n\n\n\n<p>Zam\u00f3wienia przyjmujemy pod adresem mailowym: info@sitodrukuj.pl<\/p>\n\n\n\n<p><\/p>\n\n\n\n<figure class=\"wp-block-gallery has-nested-images columns-default is-cropped\">\n<figure class=\"wp-block-image size-large\"><img loading=\"lazy\" width=\"683\" height=\"1024\" data-id=\"766\"  src=\"http:\/\/otwartapracowniasitodruku.pl\/wp-content\/uploads\/2025\/05\/IMG_8483-683x1024.jpg\" alt=\"\" class=\"wp-image-766\" srcset=\"http:\/\/otwartapracowniasitodruku.pl\/wp-content\/uploads\/2025\/05\/IMG_8483-683x1024.jpg 683w, http:\/\/otwartapracowniasitodruku.pl\/wp-content\/uploads\/2025\/05\/IMG_8483-200x300.jpg 200w, http:\/\/otwartapracowniasitodruku.pl\/wp-content\/uploads\/2025\/05\/IMG_8483-768x1152.jpg 768w, http:\/\/otwartapracowniasitodruku.pl\/wp-content\/uploads\/2025\/05\/IMG_8483.jpg 800w\" sizes=\"(max-width: 683px) 100vw, 683px\" \/><\/figure>\n\n\n\n<figure class=\"wp-block-image size-large\"><img loading=\"lazy\" width=\"683\" height=\"1024\" data-id=\"765\"  src=\"http:\/\/otwartapracowniasitodruku.pl\/wp-content\/uploads\/2025\/05\/IMG_8492-683x1024.jpg\" alt=\"\" class=\"wp-image-765\" srcset=\"http:\/\/otwartapracowniasitodruku.pl\/wp-content\/uploads\/2025\/05\/IMG_8492-683x1024.jpg 683w, http:\/\/otwartapracowniasitodruku.pl\/wp-content\/uploads\/2025\/05\/IMG_8492-200x300.jpg 200w, http:\/\/otwartapracowniasitodruku.pl\/wp-content\/uploads\/2025\/05\/IMG_8492-768x1152.jpg 768w, http:\/\/otwartapracowniasitodruku.pl\/wp-content\/uploads\/2025\/05\/IMG_8492.jpg 800w\" sizes=\"(max-width: 683px) 100vw, 683px\" \/><\/figure>\n\n\n\n<figure class=\"wp-block-image size-large\"><img loading=\"lazy\" width=\"683\" height=\"1024\" data-id=\"768\"  src=\"http:\/\/otwartapracowniasitodruku.pl\/wp-content\/uploads\/2025\/05\/IMG_8503-683x1024.jpg\" alt=\"\" class=\"wp-image-768\" srcset=\"http:\/\/otwartapracowniasitodruku.pl\/wp-content\/uploads\/2025\/05\/IMG_8503-683x1024.jpg 683w, http:\/\/otwartapracowniasitodruku.pl\/wp-content\/uploads\/2025\/05\/IMG_8503-200x300.jpg 200w, http:\/\/otwartapracowniasitodruku.pl\/wp-content\/uploads\/2025\/05\/IMG_8503-768x1152.jpg 768w, http:\/\/otwartapracowniasitodruku.pl\/wp-content\/uploads\/2025\/05\/IMG_8503.jpg 800w\" sizes=\"(max-width: 683px) 100vw, 683px\" \/><\/figure>\n\n\n\n<figure class=\"wp-block-image size-large\"><img loading=\"lazy\" width=\"683\" height=\"1024\" data-id=\"764\"  src=\"http:\/\/otwartapracowniasitodruku.pl\/wp-content\/uploads\/2025\/05\/IMG_8523-683x1024.jpg\" alt=\"\" class=\"wp-image-764\" srcset=\"http:\/\/otwartapracowniasitodruku.pl\/wp-content\/uploads\/2025\/05\/IMG_8523-683x1024.jpg 683w, http:\/\/otwartapracowniasitodruku.pl\/wp-content\/uploads\/2025\/05\/IMG_8523-200x300.jpg 200w, http:\/\/otwartapracowniasitodruku.pl\/wp-content\/uploads\/2025\/05\/IMG_8523-768x1152.jpg 768w, http:\/\/otwartapracowniasitodruku.pl\/wp-content\/uploads\/2025\/05\/IMG_8523.jpg 800w\" sizes=\"(max-width: 683px) 100vw, 683px\" \/><\/figure>\n\n\n\n<figure class=\"wp-block-image size-large\"><img loading=\"lazy\" width=\"683\" height=\"1024\" data-id=\"767\"  src=\"http:\/\/otwartapracowniasitodruku.pl\/wp-content\/uploads\/2025\/05\/IMG_8526-683x1024.jpg\" alt=\"\" class=\"wp-image-767\" srcset=\"http:\/\/otwartapracowniasitodruku.pl\/wp-content\/uploads\/2025\/05\/IMG_8526-683x1024.jpg 683w, http:\/\/otwartapracowniasitodruku.pl\/wp-content\/uploads\/2025\/05\/IMG_8526-200x300.jpg 200w, http:\/\/otwartapracowniasitodruku.pl\/wp-content\/uploads\/2025\/05\/IMG_8526-768x1152.jpg 768w, http:\/\/otwartapracowniasitodruku.pl\/wp-content\/uploads\/2025\/05\/IMG_8526.jpg 800w\" sizes=\"(max-width: 683px) 100vw, 683px\" \/><\/figure>\n<\/figure>\n","protected":false},"excerpt":{"rendered":"<p>Gotowe metki bawe\u0142niane z rozmiarami:XXS, XS, S, M, L, XL, XXL oraz \u0142amane: XS\/S, S\/M, M\/L, L\/XL \u2013 nadruk: czarny, wykonany r\u0119cznie w technice sitodruku\u2013 farba wodna, niewyczuwalna, nietoksyczna\u2013 ta\u015bma bawe\u0142niana, naturalna, cienka i delikatna dla sk\u00f3ry\u2013 ta\u015bma i farby posiadaj\u0105 certyfikat Oeko-Tex\u2013 wymiary metki po wszyciu: 1,5 \u00d7 1,5 cm Pakowane po 10 sztuk [&hellip;]<\/p>\n","protected":false},"author":1,"featured_media":0,"parent":0,"menu_order":0,"comment_status":"closed","ping_status":"closed","template":"","meta":[],"_links":{"self":[{"href":"http:\/\/otwartapracowniasitodruku.pl\/index.php\/wp-json\/wp\/v2\/pages\/763"}],"collection":[{"href":"http:\/\/otwartapracowniasitodruku.pl\/index.php\/wp-json\/wp\/v2\/pages"}],"about":[{"href":"http:\/\/otwartapracowniasitodruku.pl\/index.php\/wp-json\/wp\/v2\/types\/page"}],"author":[{"embeddable":true,"href":"http:\/\/otwartapracowniasitodruku.pl\/index.php\/wp-json\/wp\/v2\/users\/1"}],"replies":[{"embeddable":true,"href":"http:\/\/otwartapracowniasitodruku.pl\/index.php\/wp-json\/wp\/v2\/comments?post=763"}],"version-history":[{"count":2,"href":"http:\/\/otwartapracowniasitodruku.pl\/index.php\/wp-json\/wp\/v2\/pages\/763\/revisions"}],"predecessor-version":[{"id":770,"href":"http:\/\/otwartapracowniasitodruku.pl\/index.php\/wp-json\/wp\/v2\/pages\/763\/revisions\/770"}],"wp:attachment":[{"href":"http:\/\/otwartapracowniasitodruku.pl\/index.php\/wp-json\/wp\/v2\/media?parent=763"}],"curies":[{"name":"wp","href":"https:\/\/api.w.org\/{rel}","templated":true}]}}