{"id":7,"date":"2022-04-21T10:54:20","date_gmt":"2022-04-21T10:54:20","guid":{"rendered":"http:\/\/otwartapracowniasitodruku.pl\/?page_id=7"},"modified":"2025-05-11T19:17:25","modified_gmt":"2025-05-11T19:17:25","slug":"o-nas","status":"publish","type":"page","link":"http:\/\/otwartapracowniasitodruku.pl\/index.php\/o-nas\/","title":{"rendered":"O nas"},"content":{"rendered":"\n<p>Jeste\u015bmy ma\u0142\u0105 drukarni\u0105 dzia\u0142aj\u0105c\u0105 od 2014 w sercu Bydgoszczy. Nasza praca      w du\u017cej mierze opiera si\u0119 na dzia\u0142aniach r\u0119cznych \u2013 od druku tradycyjn\u0105 metod\u0105 sitodruku, po drobne prace introligatorskie i dziurkowanie etykiet. Ca\u0142y proces realizacji metek technik\u0105 sitodruku odbywa si\u0119 w naszej pracowni \u2013                     od przygotowywania form drukowych poprzez ich na\u015bwietlanie, przygotowanie                   i r\u0119czne ci\u0119cie ta\u015bm bawe\u0142nianych, po sam, r\u0119czny druk, a\u017c w ko\u0144cu po utrwalenie metek bardzo wysok\u0105 temperatur\u0105 \u2013 maszyn\u0105 s\u0105 nasze d\u0142onie, fach                        i do\u015bwiadczenie.&nbsp;<\/p>\n\n\n\n<p>Od kilku lat jeste\u015bmy mocno zwi\u0105zane z r\u0119kodzie\u0142em i slowfashion. Specjalizujemy si\u0119 w drukowaniu bawe\u0142nianych metek pralniczych lub metek z logo. Przy druku korzystamy z farb wodnych z certyfikatem \u00d6ko-Tex standard 100. Nasze nadruki s\u0105 mi\u0119kkie, ma\u0142o wyczuwalne w dotyku oraz przyjazne dla \u015brodowiska. <\/p>\n","protected":false},"excerpt":{"rendered":"<p>Jeste\u015bmy ma\u0142\u0105 drukarni\u0105 dzia\u0142aj\u0105c\u0105 od 2014 w sercu Bydgoszczy. Nasza praca w du\u017cej mierze opiera si\u0119 na dzia\u0142aniach r\u0119cznych \u2013 od druku tradycyjn\u0105 metod\u0105 sitodruku, po drobne prace introligatorskie i dziurkowanie etykiet. Ca\u0142y proces realizacji metek technik\u0105 sitodruku odbywa si\u0119 w naszej pracowni \u2013 od przygotowywania form drukowych poprzez ich na\u015bwietlanie, przygotowanie i r\u0119czne ci\u0119cie [&hellip;]<\/p>\n","protected":false},"author":1,"featured_media":0,"parent":0,"menu_order":0,"comment_status":"closed","ping_status":"closed","template":"","meta":[],"_links":{"self":[{"href":"http:\/\/otwartapracowniasitodruku.pl\/index.php\/wp-json\/wp\/v2\/pages\/7"}],"collection":[{"href":"http:\/\/otwartapracowniasitodruku.pl\/index.php\/wp-json\/wp\/v2\/pages"}],"about":[{"href":"http:\/\/otwartapracowniasitodruku.pl\/index.php\/wp-json\/wp\/v2\/types\/page"}],"author":[{"embeddable":true,"href":"http:\/\/otwartapracowniasitodruku.pl\/index.php\/wp-json\/wp\/v2\/users\/1"}],"replies":[{"embeddable":true,"href":"http:\/\/otwartapracowniasitodruku.pl\/index.php\/wp-json\/wp\/v2\/comments?post=7"}],"version-history":[{"count":4,"href":"http:\/\/otwartapracowniasitodruku.pl\/index.php\/wp-json\/wp\/v2\/pages\/7\/revisions"}],"predecessor-version":[{"id":752,"href":"http:\/\/otwartapracowniasitodruku.pl\/index.php\/wp-json\/wp\/v2\/pages\/7\/revisions\/752"}],"wp:attachment":[{"href":"http:\/\/otwartapracowniasitodruku.pl\/index.php\/wp-json\/wp\/v2\/media?parent=7"}],"curies":[{"name":"wp","href":"https:\/\/api.w.org\/{rel}","templated":true}]}}