{"id":24,"date":"2022-04-21T11:01:16","date_gmt":"2022-04-21T11:01:16","guid":{"rendered":"http:\/\/otwartapracowniasitodruku.pl\/?page_id=24"},"modified":"2025-05-11T19:32:26","modified_gmt":"2025-05-11T19:32:26","slug":"metki-bawelniane","status":"publish","type":"page","link":"http:\/\/otwartapracowniasitodruku.pl\/index.php\/oferta\/metki-bawelniane\/","title":{"rendered":"Metki bawe\u0142niane"},"content":{"rendered":"<p><a href=\"#cennik\" data-type=\"internal\" data-id=\"#cennik\"><strong>Cennik<\/strong><\/a> <a href=\"#przygotowanie\" data-type=\"internal\" data-id=\"#przygotowanie\"><strong>Przygotowanie projektu<\/strong><\/a> <a href=\"#pr\u00f3bnik\" data-type=\"internal\" data-id=\"#pr\u00f3bnik\"><strong>Pr\u00f3bnik<\/strong><\/a> <a href=\"#kolor\" data-type=\"internal\" data-id=\"#kolor\"><strong>Kolory druku<\/strong><\/a><\/p>\n<p><\/p>\n<p>Nadruki na metkach wykonujemy r\u0119cznie metod\u0105 sitodruku. Mo\u017cliwy jest nadruk jedynie jednokolorowy. Nadruk wykonujemy w dowolnym kolorze, tak\u017ce bia\u0142ym, z\u0142otym i srebrnym. Szeroko\u015b\u0107 ta\u015bmy jest uzale\u017cniona od rozmiar\u00f3w i ustawienia element\u00f3w nadruku na ta\u015bmie. Ze wzgl\u0119du na niewielkie rozmiary metek projekt nie mo\u017ce zawiera\u0107 ma\u0142ych i bardzo szczeg\u00f3\u0142owych element\u00f3w. Nie drukujemy skomplikowanych przepis\u00f3w prania na metkach bawe\u0142nianych. Minimalna ilo\u015b\u0107 produkcyjna to 100 sztuk metek.<\/p>\n<p>Kolory ta\u015bm bawe\u0142nianych: bia\u0142a, czarna, naturalna.<\/p>\n<p>Inne kolory ta\u015bm dost\u0119pne s\u0105 dla zam\u00f3wie\u0144 minimum 500 sztuk. W przypadku zam\u00f3wie\u0144 ta\u015bm w innym kolorze, czas realizacji b\u0119dzie wyd\u0142u\u017cony.<\/p>\n<p>Szeroko\u015b\u0107 tasiemek: od 1 cm do 4 cm.<\/p>\n<p>D\u0142ugo\u015b\u0107 metki z zak\u0142adk\u0105 na wszycie &#8211; max. do 10 cm. D\u0142u\u017csze metki b\u0119d\u0105 wyceniane indywidualnie.<\/p>\n<p>Metki wysy\u0142amy nadrukowane na odcinkach ta\u015bmy (kawa\u0142ki do 30 cm) do samodzielnego poci\u0119cia. Na takim pasku mie\u015bci si\u0119 kilka metek. Mog\u0105 wyst\u0105pi\u0107 drobne przesuni\u0119cia w druku wzgl\u0119dem kraw\u0119dzi.&nbsp;<\/p>\n<p>Przy odpowiedniej piel\u0119gnacji (zalecane pranie 30 stopni, max 1000 obrot\u00f3w na minut\u0119) metki pos\u0142u\u017c\u0105 d\u0142ugo i trwale.<\/p>\n<p>Aby zam\u00f3wi\u0107 metki, nale\u017cy przes\u0142a\u0107 do nas: spos\u00f3b wszycia metki; kolor ta\u015bmy; kolor druku. Zobacz,&nbsp;<a href=\"http:\/\/otwartapracowniasitodruku.pl\/index.php\/jak-zlozyc-zamowienie\/\">jak z\u0142o\u017cy\u0107 zam\u00f3wienie.<\/a><\/p>\n\n\n<figure class=\"wp-block-gallery has-nested-images columns-default is-cropped\">\n<figure class=\"wp-block-image size-large is-style-default\"><img loading=\"lazy\" width=\"1024\" height=\"1024\" data-id=\"649\"  src=\"http:\/\/otwartapracowniasitodruku.pl\/wp-content\/uploads\/2024\/01\/czarny-druk-1-1024x1024.jpg\" alt=\"\" class=\"wp-image-649\" srcset=\"http:\/\/otwartapracowniasitodruku.pl\/wp-content\/uploads\/2024\/01\/czarny-druk-1-1024x1024.jpg 1024w, http:\/\/otwartapracowniasitodruku.pl\/wp-content\/uploads\/2024\/01\/czarny-druk-1-300x300.jpg 300w, http:\/\/otwartapracowniasitodruku.pl\/wp-content\/uploads\/2024\/01\/czarny-druk-1-150x150.jpg 150w, http:\/\/otwartapracowniasitodruku.pl\/wp-content\/uploads\/2024\/01\/czarny-druk-1-768x768.jpg 768w, http:\/\/otwartapracowniasitodruku.pl\/wp-content\/uploads\/2024\/01\/czarny-druk-1-1536x1536.jpg 1536w, http:\/\/otwartapracowniasitodruku.pl\/wp-content\/uploads\/2024\/01\/czarny-druk-1-2048x2048.jpg 2048w\" sizes=\"(max-width: 1024px) 100vw, 1024px\" \/><\/figure>\n\n\n\n<figure class=\"wp-block-image size-large is-style-default\"><img loading=\"lazy\" width=\"1024\" height=\"1024\" data-id=\"647\"  src=\"http:\/\/otwartapracowniasitodruku.pl\/wp-content\/uploads\/2024\/01\/gorzka-czekoladak-wadratj-1-1024x1024.jpg\" alt=\"\" class=\"wp-image-647\" srcset=\"http:\/\/otwartapracowniasitodruku.pl\/wp-content\/uploads\/2024\/01\/gorzka-czekoladak-wadratj-1-1024x1024.jpg 1024w, http:\/\/otwartapracowniasitodruku.pl\/wp-content\/uploads\/2024\/01\/gorzka-czekoladak-wadratj-1-300x300.jpg 300w, http:\/\/otwartapracowniasitodruku.pl\/wp-content\/uploads\/2024\/01\/gorzka-czekoladak-wadratj-1-150x150.jpg 150w, http:\/\/otwartapracowniasitodruku.pl\/wp-content\/uploads\/2024\/01\/gorzka-czekoladak-wadratj-1-768x768.jpg 768w, http:\/\/otwartapracowniasitodruku.pl\/wp-content\/uploads\/2024\/01\/gorzka-czekoladak-wadratj-1.jpg 1200w\" sizes=\"(max-width: 1024px) 100vw, 1024px\" \/><\/figure>\n\n\n\n<figure class=\"wp-block-image size-large is-style-default\"><img loading=\"lazy\" width=\"1024\" height=\"1024\" data-id=\"667\"  src=\"http:\/\/otwartapracowniasitodruku.pl\/wp-content\/uploads\/2024\/03\/rozmiar-1024x1024.jpeg\" alt=\"\" class=\"wp-image-667\" srcset=\"http:\/\/otwartapracowniasitodruku.pl\/wp-content\/uploads\/2024\/03\/rozmiar-1024x1024.jpeg 1024w, http:\/\/otwartapracowniasitodruku.pl\/wp-content\/uploads\/2024\/03\/rozmiar-300x300.jpeg 300w, http:\/\/otwartapracowniasitodruku.pl\/wp-content\/uploads\/2024\/03\/rozmiar-150x150.jpeg 150w, http:\/\/otwartapracowniasitodruku.pl\/wp-content\/uploads\/2024\/03\/rozmiar-768x768.jpeg 768w, http:\/\/otwartapracowniasitodruku.pl\/wp-content\/uploads\/2024\/03\/rozmiar-1536x1536.jpeg 1536w, http:\/\/otwartapracowniasitodruku.pl\/wp-content\/uploads\/2024\/03\/rozmiar-2048x2048.jpeg 2048w\" sizes=\"(max-width: 1024px) 100vw, 1024px\" \/><\/figure>\n<\/figure>\n\n\n\n<p>Realizacj\u0119 rozpoczynamy po zaksi\u0119gowaniu p\u0142atno\u015bci. Nast\u0119pnie przygotowujemy dla Pa\u0144stwa wizualizacj\u0119. Standardowo gotowe zam\u00f3wienia wysy\u0142amy do 10 dni roboczych od zaakceptowania wizualizacji.&nbsp;<\/p>\n\n\n<p id=\"przygotowanie\"><strong>Specyfikacja przygotowania projektu pod metod\u0119 sitodruku:&nbsp;<\/strong><\/p>\n<ul>\n<li>projekt wykonany w skali 1:1;<\/li>\n<li>projekt przygotowany w czerni (niezale\u017cnie od koloru druku);<\/li>\n<li>brak przej\u015b\u0107 tonalnych;<\/li>\n<li>fonty zamienione na krzywe;<\/li>\n<li>format wektorowy: PDF, CDR, SVG, EPS, AI.<\/li>\n<\/ul>\n<p id=\"cennik\"><strong>Druk na jasnych ta\u015bmach ciemniejsz\u0105 farb\u0105<\/strong><\/p>\n\n\n<figure class=\"wp-block-image size-large is-style-default\"><img loading=\"lazy\" width=\"1024\" height=\"337\" src=\"http:\/\/otwartapracowniasitodruku.pl\/wp-content\/uploads\/2025\/05\/1-1024x337.jpg\" alt=\"\" class=\"wp-image-744\" srcset=\"http:\/\/otwartapracowniasitodruku.pl\/wp-content\/uploads\/2025\/05\/1-1024x337.jpg 1024w, http:\/\/otwartapracowniasitodruku.pl\/wp-content\/uploads\/2025\/05\/1-300x99.jpg 300w, http:\/\/otwartapracowniasitodruku.pl\/wp-content\/uploads\/2025\/05\/1-768x253.jpg 768w, http:\/\/otwartapracowniasitodruku.pl\/wp-content\/uploads\/2025\/05\/1-1536x506.jpg 1536w, http:\/\/otwartapracowniasitodruku.pl\/wp-content\/uploads\/2025\/05\/1.jpg 2012w\" sizes=\"(max-width: 1024px) 100vw, 1024px\" \/><figcaption><strong>Ceny netto, do ka\u017cdej pozycji nale\u017cy doliczy\u0107 23% VAT<\/strong><\/figcaption><\/figure>\n\n\n\n<p><\/p>\n\n\n\n<p><strong>Druk na ciemnych ta\u015bmach ja\u015bniejsz\u0105 farb\u0105 lub druk farb\u0105 z\u0142ot\u0105\/srebrn\u0105<\/strong><\/p>\n\n\n\n<figure class=\"wp-block-image size-large is-style-default\"><img loading=\"lazy\" width=\"1024\" height=\"337\" src=\"http:\/\/otwartapracowniasitodruku.pl\/wp-content\/uploads\/2025\/05\/2-1024x337.jpg\" alt=\"\" class=\"wp-image-745\" srcset=\"http:\/\/otwartapracowniasitodruku.pl\/wp-content\/uploads\/2025\/05\/2-1024x337.jpg 1024w, http:\/\/otwartapracowniasitodruku.pl\/wp-content\/uploads\/2025\/05\/2-300x99.jpg 300w, http:\/\/otwartapracowniasitodruku.pl\/wp-content\/uploads\/2025\/05\/2-768x253.jpg 768w, http:\/\/otwartapracowniasitodruku.pl\/wp-content\/uploads\/2025\/05\/2-1536x506.jpg 1536w, http:\/\/otwartapracowniasitodruku.pl\/wp-content\/uploads\/2025\/05\/2.jpg 2012w\" sizes=\"(max-width: 1024px) 100vw, 1024px\" \/><figcaption><strong>Ceny netto, do ka\u017cdej pozycji nale\u017cy doliczy\u0107 23% VAT<\/strong><\/figcaption><\/figure>\n\n\n<p><strong>Us\u0142ugi dodatkowe<\/strong><\/p>\n\n\n<figure class=\"wp-block-image size-large is-style-default\"><img loading=\"lazy\" width=\"1024\" height=\"372\" src=\"http:\/\/otwartapracowniasitodruku.pl\/wp-content\/uploads\/2025\/01\/uslugi-dodatkowe-2025-2-1024x372.jpg\" alt=\"\" class=\"wp-image-737\" srcset=\"http:\/\/otwartapracowniasitodruku.pl\/wp-content\/uploads\/2025\/01\/uslugi-dodatkowe-2025-2-1024x372.jpg 1024w, http:\/\/otwartapracowniasitodruku.pl\/wp-content\/uploads\/2025\/01\/uslugi-dodatkowe-2025-2-300x109.jpg 300w, http:\/\/otwartapracowniasitodruku.pl\/wp-content\/uploads\/2025\/01\/uslugi-dodatkowe-2025-2-768x279.jpg 768w, http:\/\/otwartapracowniasitodruku.pl\/wp-content\/uploads\/2025\/01\/uslugi-dodatkowe-2025-2-1536x558.jpg 1536w, http:\/\/otwartapracowniasitodruku.pl\/wp-content\/uploads\/2025\/01\/uslugi-dodatkowe-2025-2.jpg 2022w\" sizes=\"(max-width: 1024px) 100vw, 1024px\" \/><figcaption><strong>Ceny netto, do ka\u017cdej pozycji nale\u017cy doliczy\u0107 23% VAT<\/strong><\/figcaption><\/figure>\n\n\n<p><strong>Sposoby wszycia metek<\/strong><\/p>\n\n\n<figure class=\"wp-block-image size-large is-style-default\"><img loading=\"lazy\" width=\"1024\" height=\"386\" src=\"http:\/\/otwartapracowniasitodruku.pl\/wp-content\/uploads\/2022\/05\/sposoby-wszycia-metki-1-1024x386.jpg\" alt=\"\" class=\"wp-image-73\" srcset=\"http:\/\/otwartapracowniasitodruku.pl\/wp-content\/uploads\/2022\/05\/sposoby-wszycia-metki-1-1024x386.jpg 1024w, http:\/\/otwartapracowniasitodruku.pl\/wp-content\/uploads\/2022\/05\/sposoby-wszycia-metki-1-300x113.jpg 300w, http:\/\/otwartapracowniasitodruku.pl\/wp-content\/uploads\/2022\/05\/sposoby-wszycia-metki-1-768x290.jpg 768w, http:\/\/otwartapracowniasitodruku.pl\/wp-content\/uploads\/2022\/05\/sposoby-wszycia-metki-1-1536x580.jpg 1536w, http:\/\/otwartapracowniasitodruku.pl\/wp-content\/uploads\/2022\/05\/sposoby-wszycia-metki-1-2048x773.jpg 2048w\" sizes=\"(max-width: 1024px) 100vw, 1024px\" \/><\/figure>\n\n\n\n<p><strong>Gotowe metki z napisem \u201chandmade\u201d<\/strong><\/p>\n\n\n\n<p>Metki na bawe\u0142nianej, naturalnej ta\u015bmie w jode\u0142k\u0119, druk czarny. Metki drukujemy po kilka sztuk na kr\u00f3tkich odcinkach ta\u015bmy ze znacznikami do samodzielnego poci\u0119cia. Termin realizacji jest kr\u00f3tszy &#8211; do 5 dni roboczych.<\/p>\n\n\n\n<p>4 rodzaje do wyboru:<\/p>\n\n\n\n<ul><li>wszycie z g\u00f3ry, prosty font: 2&#215;2 cm (+1 cm na wszycie)<\/li><li>wszycie z g\u00f3ry, odr\u0119czny font: 2&#215;2 cm (+1 cm na wszycie)<\/li><li>wszycie podw\u00f3jne, prosty font: 4&#215;1,5 cm (+1,5 cm na wszycie)<\/li><li>wszycie podw\u00f3jne, odr\u0119czny font: 4&#215;1,5 cm (+1,5 cm na wszycie)<\/li><\/ul>\n\n\n\n<p>Istnieje mo\u017cliwo\u015b\u0107 zam\u00f3wienia kilku rodzaj\u00f3w metek w ramach jednego pakietu.<\/p>\n\n\n\n<figure class=\"wp-block-image size-large is-style-default\"><img loading=\"lazy\" width=\"1024\" height=\"97\" src=\"http:\/\/otwartapracowniasitodruku.pl\/wp-content\/uploads\/2024\/04\/cennik-metki-1-1024x97.jpg\" alt=\"\" class=\"wp-image-687\" srcset=\"http:\/\/otwartapracowniasitodruku.pl\/wp-content\/uploads\/2024\/04\/cennik-metki-1-1024x97.jpg 1024w, http:\/\/otwartapracowniasitodruku.pl\/wp-content\/uploads\/2024\/04\/cennik-metki-1-300x28.jpg 300w, http:\/\/otwartapracowniasitodruku.pl\/wp-content\/uploads\/2024\/04\/cennik-metki-1-768x73.jpg 768w, http:\/\/otwartapracowniasitodruku.pl\/wp-content\/uploads\/2024\/04\/cennik-metki-1-1536x146.jpg 1536w, http:\/\/otwartapracowniasitodruku.pl\/wp-content\/uploads\/2024\/04\/cennik-metki-1-2048x194.jpg 2048w\" sizes=\"(max-width: 1024px) 100vw, 1024px\" \/><figcaption><strong>Ceny netto, do ka\u017cdej pozycji nale\u017cy doliczy\u0107 23% VAT<\/strong><\/figcaption><\/figure>\n\n\n\n<figure class=\"wp-block-image size-large is-style-default\"><img loading=\"lazy\" width=\"1024\" height=\"382\" src=\"http:\/\/otwartapracowniasitodruku.pl\/wp-content\/uploads\/2024\/04\/wymiary-www-1-1024x382.jpg\" alt=\"\" class=\"wp-image-689\" srcset=\"http:\/\/otwartapracowniasitodruku.pl\/wp-content\/uploads\/2024\/04\/wymiary-www-1-1024x382.jpg 1024w, http:\/\/otwartapracowniasitodruku.pl\/wp-content\/uploads\/2024\/04\/wymiary-www-1-300x112.jpg 300w, http:\/\/otwartapracowniasitodruku.pl\/wp-content\/uploads\/2024\/04\/wymiary-www-1-768x286.jpg 768w, http:\/\/otwartapracowniasitodruku.pl\/wp-content\/uploads\/2024\/04\/wymiary-www-1-1536x573.jpg 1536w, http:\/\/otwartapracowniasitodruku.pl\/wp-content\/uploads\/2024\/04\/wymiary-www-1-2048x763.jpg 2048w\" sizes=\"(max-width: 1024px) 100vw, 1024px\" \/><\/figure>\n\n\n\n<figure class=\"wp-block-image size-large is-style-default\"><img loading=\"lazy\" width=\"1024\" height=\"366\" src=\"http:\/\/otwartapracowniasitodruku.pl\/wp-content\/uploads\/2024\/04\/podwojne-3-1024x366.jpg\" alt=\"\" class=\"wp-image-697\" srcset=\"http:\/\/otwartapracowniasitodruku.pl\/wp-content\/uploads\/2024\/04\/podwojne-3-1024x366.jpg 1024w, http:\/\/otwartapracowniasitodruku.pl\/wp-content\/uploads\/2024\/04\/podwojne-3-300x107.jpg 300w, http:\/\/otwartapracowniasitodruku.pl\/wp-content\/uploads\/2024\/04\/podwojne-3-768x274.jpg 768w, http:\/\/otwartapracowniasitodruku.pl\/wp-content\/uploads\/2024\/04\/podwojne-3-1536x548.jpg 1536w, http:\/\/otwartapracowniasitodruku.pl\/wp-content\/uploads\/2024\/04\/podwojne-3-2048x731.jpg 2048w\" sizes=\"(max-width: 1024px) 100vw, 1024px\" \/><\/figure>\n\n\n\n<figure class=\"wp-block-image size-large is-style-default\"><img loading=\"lazy\" width=\"1024\" height=\"366\" src=\"http:\/\/otwartapracowniasitodruku.pl\/wp-content\/uploads\/2024\/04\/z-gory-1024x366.jpg\" alt=\"\" class=\"wp-image-699\" srcset=\"http:\/\/otwartapracowniasitodruku.pl\/wp-content\/uploads\/2024\/04\/z-gory-1024x366.jpg 1024w, http:\/\/otwartapracowniasitodruku.pl\/wp-content\/uploads\/2024\/04\/z-gory-300x107.jpg 300w, http:\/\/otwartapracowniasitodruku.pl\/wp-content\/uploads\/2024\/04\/z-gory-768x274.jpg 768w, http:\/\/otwartapracowniasitodruku.pl\/wp-content\/uploads\/2024\/04\/z-gory-1536x548.jpg 1536w, http:\/\/otwartapracowniasitodruku.pl\/wp-content\/uploads\/2024\/04\/z-gory-2048x731.jpg 2048w\" sizes=\"(max-width: 1024px) 100vw, 1024px\" \/><\/figure>\n\n\n\n<p><\/p>\n\n\n\n<p><strong>Potniki<\/strong><\/p>\n\n\n\n<p>Istnieje mo\u017cliwo\u015b\u0107 zam\u00f3wienie ta\u015bm z nadrukiem, kt\u00f3re b\u0119d\u0105 mie\u0107 maksymalnie 30 cm. Minimalny nak\u0142ad takiego zam\u00f3wienia to 35 sztuk. <\/p>\n\n\n\n<figure class=\"wp-block-image size-large is-style-default\"><img loading=\"lazy\" width=\"1024\" height=\"278\" src=\"http:\/\/otwartapracowniasitodruku.pl\/wp-content\/uploads\/2025\/05\/3-1024x278.jpg\" alt=\"\" class=\"wp-image-746\" srcset=\"http:\/\/otwartapracowniasitodruku.pl\/wp-content\/uploads\/2025\/05\/3-1024x278.jpg 1024w, http:\/\/otwartapracowniasitodruku.pl\/wp-content\/uploads\/2025\/05\/3-300x82.jpg 300w, http:\/\/otwartapracowniasitodruku.pl\/wp-content\/uploads\/2025\/05\/3-768x209.jpg 768w, http:\/\/otwartapracowniasitodruku.pl\/wp-content\/uploads\/2025\/05\/3-1536x418.jpg 1536w, http:\/\/otwartapracowniasitodruku.pl\/wp-content\/uploads\/2025\/05\/3.jpg 2012w\" sizes=\"(max-width: 1024px) 100vw, 1024px\" \/><figcaption><strong>Ceny netto, do ka\u017cdej pozycji nale\u017cy doliczy\u0107 23% VAT<\/strong><\/figcaption><\/figure>\n\n\n<p id=\"kolor\"><strong>Kolory druku<\/strong><\/p>\n<p>Ka\u017cda osoba nieco inaczej widzi kolory, a monitory komputer\u00f3w zniekszta\u0142caj\u0105 odcienie. Aby mie\u0107 pewno\u015b\u0107, \u017ce wybierzemy wskazany kolor farby, przy niskich nak\u0142adach najlepiej poda\u0107 numer Pantone Uncoated &#8211; wtedy my staramy si\u0119 zmiesza\u0107 farb\u0119 w taki spos\u00f3b, by by\u0142a jak najwierniejsza. Nale\u017cy pami\u0119ta\u0107, i\u017c mieszamy farby r\u0119cznie &#8211; kolor mo\u017ce nieco si\u0119 r\u00f3\u017cni\u0107.<\/p>\n<p>Je\u017celi zale\u017cy Pa\u0144stwu na konkretnym kolorze, mo\u017cna zam\u00f3wi\u0107 u nas pod zam\u00f3wienie farb\u0119 z wybranym Pantonem z mieszalni &#8211; jest to dodatkowy koszt oko\u0142o 200 z\u0142 (zale\u017cny od koloru) &#8211; t\u0119 opcj\u0119 polecamy przy zam\u00f3wieniach wysokonak\u0142adowych.<\/p>\n<p id=\"pr\u00f3bnik\"><strong>Koszty wysy\u0142ki:<\/strong><\/p>\n\n\n<ul><li>paczkomat InPost &#8211; 14 z\u0142 netto<\/li><li>kurier InPost &#8211; 18 z\u0142 netto<\/li><li>odbi\u00f3r osobisty &#8211; Bydgoszcz<\/li><\/ul>\n\n\n\n<p><strong>Zam\u00f3w pr\u00f3bnik<\/strong><\/p>\n\n\n\n<p>Mo\u017cliwe jest zam\u00f3wienie pr\u00f3bek ta\u015bm z naszym gotowym nadrukiem. Pr\u00f3bki wysy\u0142amy bezp\u0142atnie Poczt\u0105 Polsk\u0105 lub odp\u0142atnie poprzez paczkomat InPost (14 z\u0142 netto) lub kurierem (18 z\u0142 netto).<\/p>\n\n\n<p><\/p>\n\n\n<div class=\"wp-container-1 wp-block-buttons\"><\/div>\n\n\n\n<p><\/p>\n","protected":false},"excerpt":{"rendered":"<p>Cennik Przygotowanie projektu Pr\u00f3bnik Kolory druku Nadruki na metkach wykonujemy r\u0119cznie metod\u0105 sitodruku. Mo\u017cliwy jest nadruk jedynie jednokolorowy. Nadruk wykonujemy w dowolnym kolorze, tak\u017ce bia\u0142ym, z\u0142otym i srebrnym. Szeroko\u015b\u0107 ta\u015bmy jest uzale\u017cniona od rozmiar\u00f3w i ustawienia element\u00f3w nadruku na ta\u015bmie. Ze wzgl\u0119du na niewielkie rozmiary metek projekt nie mo\u017ce zawiera\u0107 ma\u0142ych i bardzo szczeg\u00f3\u0142owych element\u00f3w. [&hellip;]<\/p>\n","protected":false},"author":1,"featured_media":0,"parent":10,"menu_order":0,"comment_status":"closed","ping_status":"closed","template":"","meta":[],"_links":{"self":[{"href":"http:\/\/otwartapracowniasitodruku.pl\/index.php\/wp-json\/wp\/v2\/pages\/24"}],"collection":[{"href":"http:\/\/otwartapracowniasitodruku.pl\/index.php\/wp-json\/wp\/v2\/pages"}],"about":[{"href":"http:\/\/otwartapracowniasitodruku.pl\/index.php\/wp-json\/wp\/v2\/types\/page"}],"author":[{"embeddable":true,"href":"http:\/\/otwartapracowniasitodruku.pl\/index.php\/wp-json\/wp\/v2\/users\/1"}],"replies":[{"embeddable":true,"href":"http:\/\/otwartapracowniasitodruku.pl\/index.php\/wp-json\/wp\/v2\/comments?post=24"}],"version-history":[{"count":81,"href":"http:\/\/otwartapracowniasitodruku.pl\/index.php\/wp-json\/wp\/v2\/pages\/24\/revisions"}],"predecessor-version":[{"id":759,"href":"http:\/\/otwartapracowniasitodruku.pl\/index.php\/wp-json\/wp\/v2\/pages\/24\/revisions\/759"}],"up":[{"embeddable":true,"href":"http:\/\/otwartapracowniasitodruku.pl\/index.php\/wp-json\/wp\/v2\/pages\/10"}],"wp:attachment":[{"href":"http:\/\/otwartapracowniasitodruku.pl\/index.php\/wp-json\/wp\/v2\/media?parent=24"}],"curies":[{"name":"wp","href":"https:\/\/api.w.org\/{rel}","templated":true}]}}