{"id":14,"date":"2022-04-21T10:56:16","date_gmt":"2022-04-21T10:56:16","guid":{"rendered":"http:\/\/otwartapracowniasitodruku.pl\/?page_id=14"},"modified":"2025-01-31T16:43:47","modified_gmt":"2025-01-31T16:43:47","slug":"kontakt","status":"publish","type":"page","link":"http:\/\/otwartapracowniasitodruku.pl\/index.php\/kontakt\/","title":{"rendered":"Kontakt"},"content":{"rendered":"\n<p class=\"has-medium-font-size\" style=\"line-height:1.5;letter-spacing:0px\">info@sitodrukuj.pl <\/p>\n\n\n\n<p class=\"has-medium-font-size\" style=\"line-height:1.5;letter-spacing:0px\">tel. 690 895 591                                                                                                          <\/p>\n\n\n\n<p>Otwarta Pracownia Sitodruku,                                                                                   ul. Nied\u017awiedzia 7\/8 (w podw\u00f3rku),                                                                            85-103 Bydgoszcz<\/p>\n\n\n\n<p>Godziny otwarcia: poniedzia\u0142ek &#8211; pi\u0105tek  9:00 &#8211; 17:00                                              <\/p>\n\n\n\n<p>                                                                                                                               <\/p>\n\n\n\n<p><\/p>\n","protected":false},"excerpt":{"rendered":"<p>info@sitodrukuj.pl tel. 690 895 591 Otwarta Pracownia Sitodruku, ul. Nied\u017awiedzia 7\/8 (w podw\u00f3rku), 85-103 Bydgoszcz Godziny otwarcia: poniedzia\u0142ek &#8211; pi\u0105tek 9:00 &#8211; 17:00<\/p>\n","protected":false},"author":1,"featured_media":0,"parent":0,"menu_order":0,"comment_status":"closed","ping_status":"closed","template":"","meta":[],"_links":{"self":[{"href":"http:\/\/otwartapracowniasitodruku.pl\/index.php\/wp-json\/wp\/v2\/pages\/14"}],"collection":[{"href":"http:\/\/otwartapracowniasitodruku.pl\/index.php\/wp-json\/wp\/v2\/pages"}],"about":[{"href":"http:\/\/otwartapracowniasitodruku.pl\/index.php\/wp-json\/wp\/v2\/types\/page"}],"author":[{"embeddable":true,"href":"http:\/\/otwartapracowniasitodruku.pl\/index.php\/wp-json\/wp\/v2\/users\/1"}],"replies":[{"embeddable":true,"href":"http:\/\/otwartapracowniasitodruku.pl\/index.php\/wp-json\/wp\/v2\/comments?post=14"}],"version-history":[{"count":14,"href":"http:\/\/otwartapracowniasitodruku.pl\/index.php\/wp-json\/wp\/v2\/pages\/14\/revisions"}],"predecessor-version":[{"id":741,"href":"http:\/\/otwartapracowniasitodruku.pl\/index.php\/wp-json\/wp\/v2\/pages\/14\/revisions\/741"}],"wp:attachment":[{"href":"http:\/\/otwartapracowniasitodruku.pl\/index.php\/wp-json\/wp\/v2\/media?parent=14"}],"curies":[{"name":"wp","href":"https:\/\/api.w.org\/{rel}","templated":true}]}}